{"id":1253,"date":"2025-01-03T11:14:45","date_gmt":"2025-01-03T11:14:45","guid":{"rendered":"http:\/\/www.adbeveragestore.it\/?page_id=1253"},"modified":"2025-01-03T11:14:45","modified_gmt":"2025-01-03T11:14:45","slug":"informativa-protezione-dati","status":"publish","type":"page","link":"https:\/\/www.adbeveragestore.it\/?page_id=1253","title":{"rendered":"Informativa protezione dati"},"content":{"rendered":"\r\n<p class=\"s3\"><span class=\"s2\">PRIVACY POLICY<\/span><\/p>\r\n<p class=\"s4\">\u00a0<\/p>\r\n<p class=\"s4\"><span class=\"s5\">Desideriamo garantire la massima trasparenza riguardo al trattamento dei tuoi dati personali (&#8220;Dati&#8221;) fornendoti tutte le informazioni necessarie, in conformit\u00e0 alle seguenti normative europee e nazionali:<\/span><\/p>\r\n<p class=\"s6\"><span class=\"s5\">\u2022<\/span>\u200b<span class=\"s5\">Regolamento (UE) n. 679 del 2016 (&#8220;GDPR&#8221;)<\/span><\/p>\r\n<p class=\"s6\"><span class=\"s5\">\u2022<\/span>\u200b<span class=\"s5\">Decreto Legislativo n. 196 del 2003 (&#8220;Codice Privacy&#8221;)<\/span><\/p>\r\n<p class=\"s6\"><span class=\"s5\">\u2022<\/span>\u200b<span class=\"s5\">Decreto Legislativo n. 101 del 2018<\/span><\/p>\r\n<p class=\"s6\">\u00a0<\/p>\r\n<p class=\"s4\"><span class=\"s2\">1. Titolare del Trattamento<\/span><\/p>\r\n<p class=\"s4\"><span class=\"s5\">Il Titolare del trattamento \u00e8:<\/span><\/p>\r\n<p class=\"s4\"><span class=\"s5\">Denominazione: <\/span><span class=\"s5\">AD<\/span><span class=\"s5\"> BEVERAGE SPA<\/span><\/p>\r\n<p class=\"s4\"><span class=\"s5\">Codice Fiscale: 02084120662<\/span><\/p>\r\n<p class=\"s4\"><span class=\"s5\">Stato: Italia<\/span><span class=\"s5\">. <\/span><span class=\"s5\">Provincia: L&#8217;Aquila<\/span><span class=\"s5\">. <\/span><span class=\"s5\">Comune: Avezzano<\/span><span class=\"s5\">. <\/span><span class=\"s5\">CAP: 67051<\/span><\/p>\r\n<p class=\"s4\"><span class=\"s5\">Indirizzo: <\/span><span class=\"s5\">Via Galileo Galilei 2<\/span><\/p>\r\n<p class=\"s4\"><span class=\"s5\">E-mail: info@adbeverage.it<\/span><\/p>\r\n<p class=\"s4\"><span class=\"s5\">PEC: adbeverage@legalmail.it<\/span><\/p>\r\n<p class=\"s4\">\u00a0<\/p>\r\n<div class=\"s7\">1.1 <span class=\"s2\">DPO \u2013 Nomina Data Protection Officer <\/span><\/div>\r\n<p class=\"s4\"><span class=\"s5\">Al fine di tutelare al meglio i tuoi dati personali, il Titolare del trattamento ha deciso di nominare un Responsabile per la Protezione dei Dati (RPD-DPO):<\/span><\/p>\r\n<p class=\"s4\"><span class=\"s5\">Denominazione: ARIS SRLS<\/span><\/p>\r\n<p class=\"s4\"><span class=\"s5\">P.IVA: 15367631007<\/span><\/p>\r\n<p class=\"s4\"><span class=\"s5\">Stato: Italia<\/span><span class=\"s5\">. <\/span><span class=\"s5\">Provincia: Roma<\/span><span class=\"s5\">. <\/span><span class=\"s5\">Comune: Roma<\/span><span class=\"s5\">. <\/span><span class=\"s5\">CAP: 00198<\/span><\/p>\r\n<p class=\"s4\"><span class=\"s5\">Indirizzo: <\/span><span class=\"s5\">Viale Liegi 16<\/span><\/p>\r\n<p class=\"s4\"><span class=\"s5\">E-mail: <\/span><span class=\"s5\">dpo@adbeverage.it <\/span><\/p>\r\n<p class=\"s4\">\u00a0<\/p>\r\n<p class=\"s4\"><span class=\"s2\">2. Tipologia di Dati Raccolti<\/span><\/p>\r\n<div class=\"s9\"><span class=\"s8\">\u2022 <\/span><span class=\"s2\">Dati di contatto<\/span><span class=\"s5\">:<\/span> <span class=\"s5\">n<\/span><span class=\"s5\">ome<\/span><span class=\"s5\"> e <\/span><span class=\"s5\">c<\/span><span class=\"s5\">ognome<\/span><span class=\"s5\">, e<\/span><span class=\"s5\">&#8211;<\/span><span class=\"s5\">mail, oggetto e messaggi inviati tramite i<\/span> <span class=\"s5\">modul<\/span><span class=\"s5\">i<\/span><span class=\"s5\"> di contatto del sito.<\/span><\/div>\r\n<div class=\"s9\"><span class=\"s8\">\u2022 <\/span><span class=\"s2\">Dati per la newsletter<\/span><span class=\"s5\">: <\/span><span class=\"s5\">i<\/span><span class=\"s5\">ndirizzo e<\/span><span class=\"s5\">&#8211;<\/span><span class=\"s5\">mail e preferenze espresse per la ricezione di comunicazioni promozionali e informative.<\/span><\/div>\r\n<div class=\"s9\"><span class=\"s8\">\u2022 <\/span><span class=\"s2\">Cookie e dati di navigazione<\/span><span class=\"s5\">:<\/span> <span class=\"s5\">i<\/span><span class=\"s5\">l sito utilizza cookie per migliorare l&#8217;esperienza dell&#8217;utente. Maggiori dettagli sono disponibili nella sezione <\/span><span class=\"s2\">Cookie Policy<\/span><span class=\"s5\">.<\/span><\/div>\r\n<p class=\"s4\">\u00a0<\/p>\r\n<p class=\"s4\"><span class=\"s2\">3. Finalit\u00e0 del Trattamento<\/span><\/p>\r\n<p class=\"s4\"><span class=\"s5\">Il trattamento \u00e8 finalizzato alla corretta e completa esecuzione delle finalit\u00e0 relative alla evasione delle tue richieste nonch\u00e9 all\u2019adempimento degli obblighi previsti da leggi, normative nazionali, regolamenti UE e da disposizioni della Autorit\u00e0 Garante per la privacy.<\/span><\/p>\r\n<div class=\"s9\"><span class=\"s8\">\u2022 <\/span><span class=\"s5\">Gestione delle richieste inviate tramite il modulo di contatto.<\/span><\/div>\r\n<div class=\"s9\"><span class=\"s8\">\u2022 <\/span><span class=\"s5\">Fornitura di informazioni sui servizi offerti, appuntamenti e consulenze.<\/span><\/div>\r\n<div class=\"s9\"><span class=\"s8\">\u2022 <\/span><span class=\"s5\">Invio di comunicazioni promozionali e informative tramite la newsletter, previo consenso esplicito dell&#8217;utente.<\/span><\/div>\r\n<div class=\"s9\"><span class=\"s8\">\u2022 <\/span><span class=\"s5\">Analisi statistica dell&#8217;uso del sito (tramite cookie).<\/span><\/div>\r\n<p class=\"s4\"><span class=\"s5\">I dati personali potranno essere trattati a mezzo sia di archivi cartacei che informatici e telematici e comunque trattati con modalit\u00e0 strettamente necessarie a far fronte alle finalit\u00e0 sopra indicate.<\/span><\/p>\r\n<p class=\"s4\"><span class=\"s2\">4. Base Giuridica<\/span><\/p>\r\n<p class=\"s4\"><span class=\"s5\">Il trattamento dei dati si basa su:<\/span><\/p>\r\n<div class=\"s9\"><span class=\"s8\">\u2022 <\/span><span class=\"s5\">Esecuzione di misure precontrattuali richieste dall&#8217;utente (art. 6.1.b GDPR).<\/span><\/div>\r\n<div class=\"s9\"><span class=\"s8\">\u2022 <\/span><span class=\"s5\">Adempimento di obblighi legali (art. 6.1.c GDPR).<\/span><\/div>\r\n<div class=\"s9\"><span class=\"s8\">\u2022 <\/span><span class=\"s5\">Invio di comunicazioni promozionali e informative tramite la newsletter, previo consenso esplicito dell&#8217;utente<\/span><span class=\"s5\"> (art. 6.1.a GDPR)<\/span><span class=\"s5\">.<\/span><\/div>\r\n<p class=\"s4\">\u00a0<\/p>\r\n<p class=\"s4\"><span class=\"s2\">5. Destinatari dei Dati<\/span><\/p>\r\n<p class=\"s4\"><span class=\"s5\">I dati personali non saranno ceduti a terzi, salvo:<\/span><\/p>\r\n<div class=\"s9\"><span class=\"s8\">\u2022 <\/span><span class=\"s5\">Soggetti coinvolti per obblighi di legge.<\/span><\/div>\r\n<div class=\"s9\"><span class=\"s8\">\u2022 <\/span><span class=\"s5\">Piattaforme tecnologiche per il funzionamento del sito e l&#8217;invio delle e<\/span><span class=\"s5\">&#8211;<\/span><span class=\"s5\">mail<\/span><span class=\"s5\">, incluse quelle dedicate alla gestione della newsletter<\/span><span class=\"s5\">.<\/span><\/div>\r\n<p class=\"s4\">\u00a0<\/p>\r\n<p class=\"s4\"><span class=\"s2\">6. Trasferimento dei Dati verso Paesi Terzi<\/span><\/p>\r\n<p class=\"s4\"><span class=\"s5\">Non \u00e8 previsto il trasferimento dei dati al di fuori dello Spazio Economico Europeo.<\/span><\/p>\r\n<p class=\"s4\">\u00a0<\/p>\r\n<p class=\"s4\"><span class=\"s2\">7. Conservazione dei Dati<\/span><\/p>\r\n<p class=\"s4\"><span class=\"s5\">I dati saranno conservati per il tempo necessario alle finalit\u00e0 sopra indicate e in conformit\u00e0 con la normativa vigente:<\/span><\/p>\r\n<div class=\"s9\"><span class=\"s8\">\u2022 <\/span><span class=\"s5\">Dati inviati tramite il modulo di contatto: conservati per massimo 1 anno.<\/span><\/div>\r\n<div class=\"s9\"><span class=\"s8\">\u2022 <\/span><span class=\"s5\">Dati raccolti per la newsletter: conservati fino alla revoca del consenso da parte dell&#8217;utente. Per non ricevere pi\u00f9 la newsletter, fare clic sul <\/span><span class=\"s5\">link<\/span><span class=\"s5\"> di cancellazione presente in basso all\u2019interno di ogni newsletter ricevuta sulla propria posta elettronica. In caso di problemi tecnici, \u00e8 possibile inviare una segnalazione e-mail agli indirizzi sopra indicati.<\/span><\/div>\r\n<p class=\"s10\">\u00a0<\/p>\r\n<p class=\"s4\"><span class=\"s2\">8. Diritti degli Interessati<\/span><\/p>\r\n<p class=\"s4\"><span class=\"s5\">Gli interessati hanno diritto a:<\/span><\/p>\r\n<div class=\"s9\"><span class=\"s8\">\u2022 <\/span><span class=\"s5\">Accedere ai propri dati e richiedere copia degli stessi.<\/span><\/div>\r\n<div class=\"s9\"><span class=\"s8\">\u2022 <\/span><span class=\"s5\">Richiedere la rettifica, cancellazione o limitazione del trattamento.<\/span><\/div>\r\n<div class=\"s9\"><span class=\"s8\">\u2022 <\/span><span class=\"s5\">Opporsi al trattamento per finalit\u00e0 di marketing.<\/span><\/div>\r\n<div class=\"s9\"><span class=\"s8\">\u2022 <\/span><span class=\"s5\">Revocare il consenso in qualsiasi momento, senza che ci\u00f2 pregiudichi la liceit\u00e0 del trattamento precedente.<\/span><\/div>\r\n<div class=\"s9\"><span class=\"s8\">\u2022 <\/span><span class=\"s5\">Presentare reclamo all&#8217;Autorit\u00e0 Garante per la protezione dei dati personali.<\/span><\/div>\r\n<p class=\"s4\"><span class=\"s5\">Per esercitare i diritti, inviare una richiesta agli indirizzi e<\/span><span class=\"s5\">&#8211;<\/span><span class=\"s5\">mail sopra indicati<\/span><span class=\"s5\"> e successivamente proporre reclamo al <\/span><span class=\"s2\">Garante per la Protezione dei Dati Personali<\/span><span class=\"s5\"> (<\/span><a href=\"http:\/\/www.garanteprivacy.it\/\"><span class=\"s11\">www.garanteprivacy.it<\/span><\/a><span class=\"s5\">).<\/span><\/p>\r\n<p class=\"s4\">\u00a0<\/p>\r\n<p class=\"s4\"><span class=\"s2\">9. Misure di Sicurezza<\/span><\/p>\r\n<p class=\"s4\"><span class=\"s5\">Adottiamo misure tecniche e organizzative adeguate per proteggere i dati personali, tra cui:<\/span><\/p>\r\n<div class=\"s9\"><span class=\"s8\">\u2022 <\/span><span class=\"s5\">Protezione con credenziali del sistema di gestione del sito.<\/span><\/div>\r\n<div class=\"s9\"><span class=\"s8\">\u2022 <\/span><span class=\"s5\">Archiviazione sicura di eventuali dati cartace<\/span><span class=\"s5\">i<\/span><span class=\"s5\">.<\/span><\/div>\r\n<p class=\"s12\">\u00a0<\/p>\r\n<p class=\"s4\"><span class=\"s2\">10. Cookie Policy<\/span><\/p>\r\n<p class=\"s4\"><span class=\"s5\">Il sito utilizza cookie per ottimizzare la navigazione. \u00c8 possibile consultare la Cookie Policy per maggiori informazioni e gestire le preferenze.<\/span><\/p>\r\n","protected":false},"excerpt":{"rendered":"<p>PRIVACY POLICY \u00a0 Desideriamo garantire la massima trasparenza riguardo al trattamento dei tuoi dati personali (&#8220;Dati&#8221;) fornendoti tutte le informazioni necessarie, in conformit\u00e0 alle seguenti normative<span class=\"excerpt-hellip\"> [\u2026]<\/span><\/p>\n","protected":false},"author":1,"featured_media":0,"parent":0,"menu_order":0,"comment_status":"closed","ping_status":"closed","template":"","meta":{"footnotes":""},"class_list":["post-1253","page","type-page","status-publish","hentry"],"_links":{"self":[{"href":"https:\/\/www.adbeveragestore.it\/index.php?rest_route=\/wp\/v2\/pages\/1253","targetHints":{"allow":["GET"]}}],"collection":[{"href":"https:\/\/www.adbeveragestore.it\/index.php?rest_route=\/wp\/v2\/pages"}],"about":[{"href":"https:\/\/www.adbeveragestore.it\/index.php?rest_route=\/wp\/v2\/types\/page"}],"author":[{"embeddable":true,"href":"https:\/\/www.adbeveragestore.it\/index.php?rest_route=\/wp\/v2\/users\/1"}],"replies":[{"embeddable":true,"href":"https:\/\/www.adbeveragestore.it\/index.php?rest_route=%2Fwp%2Fv2%2Fcomments&post=1253"}],"version-history":[{"count":2,"href":"https:\/\/www.adbeveragestore.it\/index.php?rest_route=\/wp\/v2\/pages\/1253\/revisions"}],"predecessor-version":[{"id":1255,"href":"https:\/\/www.adbeveragestore.it\/index.php?rest_route=\/wp\/v2\/pages\/1253\/revisions\/1255"}],"wp:attachment":[{"href":"https:\/\/www.adbeveragestore.it\/index.php?rest_route=%2Fwp%2Fv2%2Fmedia&parent=1253"}],"curies":[{"name":"wp","href":"https:\/\/api.w.org\/{rel}","templated":true}]}}